{"id":691,"date":"2023-08-02T11:01:25","date_gmt":"2023-08-02T11:01:25","guid":{"rendered":"https:\/\/www.kscnet.rs\/?page_id=691"},"modified":"2023-08-02T11:13:11","modified_gmt":"2023-08-02T11:13:11","slug":"aktuelno","status":"publish","type":"page","link":"https:\/\/www.kscnet.rs\/en\/aktuelno\/","title":{"rendered":"Aktuelno"},"content":{"rendered":"<div data-elementor-type=\"wp-page\" data-elementor-id=\"691\" class=\"elementor elementor-691\">\n\t\t\t\t\t\t<section class=\"elementor-section elementor-top-section elementor-element elementor-element-2f7af91 elementor-section-full_width elementor-section-height-default elementor-section-height-default\" data-id=\"2f7af91\" data-element_type=\"section\" data-settings=\"{&quot;background_background&quot;:&quot;classic&quot;}\">\n\t\t\t\t\t\t\t<div class=\"elementor-background-overlay\"><\/div>\n\t\t\t\t\t\t\t<div class=\"elementor-container elementor-column-gap-default\">\n\t\t\t\t\t<div class=\"elementor-column elementor-col-100 elementor-top-column elementor-element elementor-element-fa13320\" data-id=\"fa13320\" data-element_type=\"column\">\n\t\t\t<div class=\"elementor-widget-wrap elementor-element-populated\">\n\t\t\t\t\t\t<section class=\"elementor-section elementor-inner-section elementor-element elementor-element-22e09be elementor-section-boxed elementor-section-height-default elementor-section-height-default\" data-id=\"22e09be\" data-element_type=\"section\">\n\t\t\t\t\t\t<div class=\"elementor-container elementor-column-gap-default\">\n\t\t\t\t\t<div class=\"elementor-column elementor-col-50 elementor-inner-column elementor-element elementor-element-829552b\" data-id=\"829552b\" data-element_type=\"column\">\n\t\t\t<div class=\"elementor-widget-wrap elementor-element-populated\">\n\t\t\t\t\t\t<div class=\"elementor-element elementor-element-fae4d4e elementor-widget elementor-widget-elementskit-heading\" data-id=\"fae4d4e\" data-element_type=\"widget\" data-settings=\"{&quot;_animation&quot;:&quot;none&quot;}\" data-widget_type=\"elementskit-heading.default\">\n\t\t\t\t<div class=\"elementor-widget-container\">\n\t\t\t\t\t<div class=\"ekit-wid-con\" ><div class=\"ekit-heading elementskit-section-title-wraper text_left   ekit_heading_tablet-   ekit_heading_mobile-\"><h2 class=\"ekit-heading--title elementskit-section-title\">Aktuelno<\/h2>\t\t\t\t<div class='ekit-heading__description'>\n\t\t\t\t\t<p>Aktivnosti KSC-a<\/p>\n\t\t\t\t<\/div>\n\t\t\t<\/div><\/div>\t\t\t\t<\/div>\n\t\t\t\t<\/div>\n\t\t\t\t\t<\/div>\n\t\t<\/div>\n\t\t\t\t<div class=\"elementor-column elementor-col-50 elementor-inner-column elementor-element elementor-element-a00ad69\" data-id=\"a00ad69\" data-element_type=\"column\">\n\t\t\t<div class=\"elementor-widget-wrap\">\n\t\t\t\t\t\t\t<\/div>\n\t\t<\/div>\n\t\t\t\t\t<\/div>\n\t\t<\/section>\n\t\t\t\t\t<\/div>\n\t\t<\/div>\n\t\t\t\t\t<\/div>\n\t\t<\/section>\n\t\t\t\t<section class=\"elementor-section elementor-top-section elementor-element elementor-element-9184033 elementor-section-boxed elementor-section-height-default elementor-section-height-default\" data-id=\"9184033\" data-element_type=\"section\">\n\t\t\t\t\t\t<div class=\"elementor-container elementor-column-gap-default\">\n\t\t\t\t\t<div class=\"elementor-column elementor-col-100 elementor-top-column elementor-element elementor-element-7e38c5c\" data-id=\"7e38c5c\" data-element_type=\"column\">\n\t\t\t<div class=\"elementor-widget-wrap elementor-element-populated\">\n\t\t\t\t\t\t<section class=\"elementor-section elementor-inner-section elementor-element elementor-element-11f1c73 elementor-section-boxed elementor-section-height-default elementor-section-height-default\" data-id=\"11f1c73\" data-element_type=\"section\">\n\t\t\t\t\t\t<div class=\"elementor-container elementor-column-gap-default\">\n\t\t\t\t\t<div class=\"elementor-column elementor-col-100 elementor-inner-column elementor-element elementor-element-3a1f5fb\" data-id=\"3a1f5fb\" data-element_type=\"column\">\n\t\t\t<div class=\"elementor-widget-wrap elementor-element-populated\">\n\t\t\t\t\t\t<div class=\"elementor-element elementor-element-3165d34 elementor-widget elementor-widget-elementskit-blog-posts\" data-id=\"3165d34\" data-element_type=\"widget\" data-widget_type=\"elementskit-blog-posts.default\">\n\t\t\t\t<div class=\"elementor-widget-container\">\n\t\t\t\t\t<div class=\"ekit-wid-con\" >        <div id=\"post-items--3165d34\" class=\"row post-items\">\n                    <div class=\"col-lg-12 col-md-12\">\n\n                                    <div class=\"elementskit-post-image-card\">\n                        <div class=\"elementskit-entry-header\">\n                                                            <a href=\"https:\/\/www.kscnet.rs\/en\/2025\/09\/05\/medibella-longevity-masterclass\/\" class=\"elementskit-entry-thumb\">\n                                    <img decoding=\"async\" src=\"https:\/\/www.kscnet.rs\/wp-content\/uploads\/2025\/09\/IMG-20250904-WA0011-150x150.jpg\" alt=\"Medibella Longevity Masterclass\">\n                                <\/a><!-- .elementskit-entry-thumb END -->\n                                                            \n                            \n\t\t\t\t\t\t\t\t\t\t\t\t\t<\/div><!-- .elementskit-entry-header END -->\n\n\t\t\t\t\t\t<div class=\"elementskit-post-body\">\n\t\t\t\t\t\t\t\n\t\t\t\t\t\t\t\t\t\t\t\t\t\t\t\t\t\t\t\t\t\t\t\t\t\t\t\t\t\t\n\t\t\t\t\t\t\t\t\n\t\t\t\t\t\t\t\t\t\t\t\t\t\t\t\t\t\t\t\t\t<h2 class=\"entry-title\">\n\t\t\t\t\t<a href=\"https:\/\/www.kscnet.rs\/en\/2025\/09\/05\/medibella-longevity-masterclass\/\">\n\t\t\t\t\t\tMedibella Longevity Masterclass\t\t\t\t\t<\/a>\n\t\t\t\t<\/h2>\n\t\t\t\t\t\t\t\t\t\t\t\t\t\t\t\t\t\t\t\t\t\t\t\t\t\t\t\t\t\t\t\t\t\t\t\t\t\t\t\t\t\t<p>Hotel Nobel Design Beograd Septembar, 4 2025<\/p>\n\t\t\t\t\t\t\t\t\t\t\t\t\t\t\t\t\t\t\t\t\t\t                                                            <div class=\"btn-wraper\">\n                                    \n                                                                            <a class=\"elementskit-btn whitespace--normal\" id=\"\" href=\"https:\/\/www.kscnet.rs\/en\/2025\/09\/05\/medibella-longevity-masterclass\/\">\n                                        \t<i aria-hidden=\"true\" class=\"icon icon-right-arrow1\"><\/i>                                            Read more                                        <\/a>\n                                                                    <\/div>\n                                                    <\/div><!-- .elementskit-post-body END -->\n                    <\/div>\n                \n            <\/div>\n                    <div class=\"col-lg-12 col-md-12\">\n\n                                    <div class=\"elementskit-post-image-card\">\n                        <div class=\"elementskit-entry-header\">\n                                                            <a href=\"https:\/\/www.kscnet.rs\/en\/2025\/06\/10\/expo-2027-sava-centar\/\" class=\"elementskit-entry-thumb\">\n                                    <img decoding=\"async\" src=\"https:\/\/www.kscnet.rs\/wp-content\/uploads\/2025\/06\/IMG-dc2b7ec10aa21aa18e75a0425d8fef19-V-150x150.jpg\" alt=\"EXPO 2027, Sava Centar\">\n                                <\/a><!-- .elementskit-entry-thumb END -->\n                                                            \n                            \n\t\t\t\t\t\t\t\t\t\t\t\t\t<\/div><!-- .elementskit-entry-header END -->\n\n\t\t\t\t\t\t<div class=\"elementskit-post-body\">\n\t\t\t\t\t\t\t\n\t\t\t\t\t\t\t\t\t\t\t\t\t\t\t\t\t\t\t\t\t\t\t\t\t\t\t\t\t\t\n\t\t\t\t\t\t\t\t\n\t\t\t\t\t\t\t\t\t\t\t\t\t\t\t\t\t\t\t\t\t<h2 class=\"entry-title\">\n\t\t\t\t\t<a href=\"https:\/\/www.kscnet.rs\/en\/2025\/06\/10\/expo-2027-sava-centar\/\">\n\t\t\t\t\t\tEXPO 2027, Sava Centar\t\t\t\t\t<\/a>\n\t\t\t\t<\/h2>\n\t\t\t\t\t\t\t\t\t\t\t\t\t\t\t\t\t\t\t\t\t\t\t\t\t\t\t\t\t\t\t\t\t\t\t\t\t\t\t\t\t\t<p>EXPO 2027 &#8211; IPM &#8211; Planning Meeting, Sava Centar 10 &#8211; 11.06.2025.<\/p>\n\t\t\t\t\t\t\t\t\t\t\t\t\t\t\t\t\t\t\t\t\t\t                                                            <div class=\"btn-wraper\">\n                                    \n                                                                            <a class=\"elementskit-btn whitespace--normal\" id=\"\" href=\"https:\/\/www.kscnet.rs\/en\/2025\/06\/10\/expo-2027-sava-centar\/\">\n                                        \t<i aria-hidden=\"true\" class=\"icon icon-right-arrow1\"><\/i>                                            Read more                                        <\/a>\n                                                                    <\/div>\n                                                    <\/div><!-- .elementskit-post-body END -->\n                    <\/div>\n                \n            <\/div>\n                    <div class=\"col-lg-12 col-md-12\">\n\n                                    <div class=\"elementskit-post-image-card\">\n                        <div class=\"elementskit-entry-header\">\n                                                            <a href=\"https:\/\/www.kscnet.rs\/en\/2025\/04\/23\/marbo-pepsico-sceb-gbv-project\/\" class=\"elementskit-entry-thumb\">\n                                    <img decoding=\"async\" src=\"https:\/\/www.kscnet.rs\/wp-content\/uploads\/2025\/05\/1000048593-150x150.jpg\" alt=\"Marbo Pepsico SCEB GBV PROJECT\">\n                                <\/a><!-- .elementskit-entry-thumb END -->\n                                                            \n                            \n\t\t\t\t\t\t\t\t\t\t\t\t\t<\/div><!-- .elementskit-entry-header END -->\n\n\t\t\t\t\t\t<div class=\"elementskit-post-body\">\n\t\t\t\t\t\t\t\n\t\t\t\t\t\t\t\t\t\t\t\t\t\t\t\t\t\t\t\t\t\t\t\t\t\t\t\t\t\t\n\t\t\t\t\t\t\t\t\n\t\t\t\t\t\t\t\t\t\t\t\t\t\t\t\t\t\t\t\t\t<h2 class=\"entry-title\">\n\t\t\t\t\t<a href=\"https:\/\/www.kscnet.rs\/en\/2025\/04\/23\/marbo-pepsico-sceb-gbv-project\/\">\n\t\t\t\t\t\tMarbo Pepsico SCEB GBV PROJECT\t\t\t\t\t<\/a>\n\t\t\t\t<\/h2>\n\t\t\t\t\t\t\t\t\t\t\t\t\t\t\t\t\t\t\t\t\t\t\t\t\t\t\t\t\t\t\t\t\t\t\t\t\t\t\t\t\t\t<p>Marbo Pepsico SCEB GBV PROJECT Creating a safe space to be y( )u 23.04.2025<\/p>\n\t\t\t\t\t\t\t\t\t\t\t\t\t\t\t\t\t\t\t\t\t\t                                                            <div class=\"btn-wraper\">\n                                    \n                                                                            <a class=\"elementskit-btn whitespace--normal\" id=\"\" href=\"https:\/\/www.kscnet.rs\/en\/2025\/04\/23\/marbo-pepsico-sceb-gbv-project\/\">\n                                        \t<i aria-hidden=\"true\" class=\"icon icon-right-arrow1\"><\/i>                                            Read more                                        <\/a>\n                                                                    <\/div>\n                                                    <\/div><!-- .elementskit-post-body END -->\n                    <\/div>\n                \n            <\/div>\n                <\/div>\n       <\/div>\t\t\t\t<\/div>\n\t\t\t\t<\/div>\n\t\t\t\t\t<\/div>\n\t\t<\/div>\n\t\t\t\t\t<\/div>\n\t\t<\/section>\n\t\t\t\t\t<\/div>\n\t\t<\/div>\n\t\t\t\t\t<\/div>\n\t\t<\/section>\n\t\t\t\t<\/div>","protected":false},"excerpt":{"rendered":"<p>Aktuelno Aktivnosti KSC-a KSC Aktuelno proba Detaljnije<\/p>","protected":false},"author":1,"featured_media":548,"parent":0,"menu_order":0,"comment_status":"closed","ping_status":"closed","template":"","meta":{"footnotes":""},"class_list":["post-691","page","type-page","status-publish","has-post-thumbnail","hentry"],"yoast_head":"<!-- This site is optimized with the Yoast SEO plugin v25.8 - https:\/\/yoast.com\/wordpress\/plugins\/seo\/ -->\n<title>Aktuelno | KSC - Kongresni Servisni Centar<\/title>\n<meta name=\"description\" content=\"KONGRESNI SERVISNI CENTAR (KSC) je lider na srpskom tr\u017ei\u0161tu prevodila\u010dkih usluga i organizacije kongresa i seminara.\" \/>\n<meta name=\"robots\" content=\"index, follow, max-snippet:-1, max-image-preview:large, max-video-preview:-1\" \/>\n<link rel=\"canonical\" href=\"https:\/\/www.kscnet.rs\/en\/aktuelno\/\" \/>\n<meta property=\"og:locale\" content=\"en_US\" \/>\n<meta property=\"og:type\" content=\"article\" \/>\n<meta property=\"og:title\" content=\"Aktuelno | KSC - Kongresni Servisni Centar\" \/>\n<meta property=\"og:description\" content=\"KONGRESNI SERVISNI CENTAR (KSC) je lider na srpskom tr\u017ei\u0161tu prevodila\u010dkih usluga i organizacije kongresa i seminara.\" \/>\n<meta property=\"og:url\" content=\"https:\/\/www.kscnet.rs\/en\/aktuelno\/\" \/>\n<meta property=\"og:site_name\" content=\"KSC - Kongresni Servisni Centar\" \/>\n<meta property=\"article:publisher\" content=\"https:\/\/www.facebook.com\/profile.php?id=100094343033207\" \/>\n<meta property=\"article:modified_time\" content=\"2023-08-02T11:13:11+00:00\" \/>\n<meta property=\"og:image\" content=\"https:\/\/www.kscnet.rs\/wp-content\/uploads\/2023\/07\/29.9-01.10.2020-EU-Project-Justice-Hotel-Radika-Mavrovo___.jpg\" \/>\n\t<meta property=\"og:image:width\" content=\"1600\" \/>\n\t<meta property=\"og:image:height\" content=\"1200\" \/>\n\t<meta property=\"og:image:type\" content=\"image\/jpeg\" \/>\n<meta name=\"twitter:card\" content=\"summary_large_image\" \/>\n<meta name=\"twitter:label1\" content=\"Est. reading time\" \/>\n\t<meta name=\"twitter:data1\" content=\"1 minute\" \/>\n<script type=\"application\/ld+json\" class=\"yoast-schema-graph\">{\"@context\":\"https:\/\/schema.org\",\"@graph\":[{\"@type\":\"WebPage\",\"@id\":\"https:\/\/www.kscnet.rs\/aktuelno\/\",\"url\":\"https:\/\/www.kscnet.rs\/aktuelno\/\",\"name\":\"Aktuelno | KSC - Kongresni Servisni Centar\",\"isPartOf\":{\"@id\":\"https:\/\/www.kscnet.rs\/#website\"},\"primaryImageOfPage\":{\"@id\":\"https:\/\/www.kscnet.rs\/aktuelno\/#primaryimage\"},\"image\":{\"@id\":\"https:\/\/www.kscnet.rs\/aktuelno\/#primaryimage\"},\"thumbnailUrl\":\"https:\/\/www.kscnet.rs\/wp-content\/uploads\/2023\/07\/29.9-01.10.2020-EU-Project-Justice-Hotel-Radika-Mavrovo___.jpg\",\"datePublished\":\"2023-08-02T11:01:25+00:00\",\"dateModified\":\"2023-08-02T11:13:11+00:00\",\"description\":\"KONGRESNI SERVISNI CENTAR (KSC) je lider na srpskom tr\u017ei\u0161tu prevodila\u010dkih usluga i organizacije kongresa i seminara.\",\"breadcrumb\":{\"@id\":\"https:\/\/www.kscnet.rs\/aktuelno\/#breadcrumb\"},\"inLanguage\":\"en-US\",\"potentialAction\":[{\"@type\":\"ReadAction\",\"target\":[\"https:\/\/www.kscnet.rs\/aktuelno\/\"]}]},{\"@type\":\"ImageObject\",\"inLanguage\":\"en-US\",\"@id\":\"https:\/\/www.kscnet.rs\/aktuelno\/#primaryimage\",\"url\":\"https:\/\/www.kscnet.rs\/wp-content\/uploads\/2023\/07\/29.9-01.10.2020-EU-Project-Justice-Hotel-Radika-Mavrovo___.jpg\",\"contentUrl\":\"https:\/\/www.kscnet.rs\/wp-content\/uploads\/2023\/07\/29.9-01.10.2020-EU-Project-Justice-Hotel-Radika-Mavrovo___.jpg\",\"width\":1600,\"height\":1200},{\"@type\":\"BreadcrumbList\",\"@id\":\"https:\/\/www.kscnet.rs\/aktuelno\/#breadcrumb\",\"itemListElement\":[{\"@type\":\"ListItem\",\"position\":1,\"name\":\"Home\",\"item\":\"https:\/\/www.kscnet.rs\/\"},{\"@type\":\"ListItem\",\"position\":2,\"name\":\"Aktuelno\"}]},{\"@type\":\"WebSite\",\"@id\":\"https:\/\/www.kscnet.rs\/#website\",\"url\":\"https:\/\/www.kscnet.rs\/\",\"name\":\"KSC - Kongresni Servisni Centar\",\"description\":\"Organizacija eventa, iznajmljivanje opreme, prevodila\u010dke usluge i kursevi\",\"publisher\":{\"@id\":\"https:\/\/www.kscnet.rs\/#organization\"},\"potentialAction\":[{\"@type\":\"SearchAction\",\"target\":{\"@type\":\"EntryPoint\",\"urlTemplate\":\"https:\/\/www.kscnet.rs\/?s={search_term_string}\"},\"query-input\":{\"@type\":\"PropertyValueSpecification\",\"valueRequired\":true,\"valueName\":\"search_term_string\"}}],\"inLanguage\":\"en-US\"},{\"@type\":\"Organization\",\"@id\":\"https:\/\/www.kscnet.rs\/#organization\",\"name\":\"KSC - Kongresni Servisni Centar\",\"url\":\"https:\/\/www.kscnet.rs\/\",\"logo\":{\"@type\":\"ImageObject\",\"inLanguage\":\"en-US\",\"@id\":\"https:\/\/www.kscnet.rs\/#\/schema\/logo\/image\/\",\"url\":\"https:\/\/www.kscnet.rs\/wp-content\/uploads\/2023\/07\/KSCLogo.png\",\"contentUrl\":\"https:\/\/www.kscnet.rs\/wp-content\/uploads\/2023\/07\/KSCLogo.png\",\"width\":539,\"height\":539,\"caption\":\"KSC - Kongresni Servisni Centar\"},\"image\":{\"@id\":\"https:\/\/www.kscnet.rs\/#\/schema\/logo\/image\/\"},\"sameAs\":[\"https:\/\/www.facebook.com\/profile.php?id=100094343033207\"]}]}<\/script>\n<!-- \/ Yoast SEO plugin. -->","yoast_head_json":{"title":"Aktuelno | KSC - Kongresni Servisni Centar","description":"KONGRESNI SERVISNI CENTAR (KSC) je lider na srpskom tr\u017ei\u0161tu prevodila\u010dkih usluga i organizacije kongresa i seminara.","robots":{"index":"index","follow":"follow","max-snippet":"max-snippet:-1","max-image-preview":"max-image-preview:large","max-video-preview":"max-video-preview:-1"},"canonical":"https:\/\/www.kscnet.rs\/en\/aktuelno\/","og_locale":"en_US","og_type":"article","og_title":"Aktuelno | KSC - Kongresni Servisni Centar","og_description":"KONGRESNI SERVISNI CENTAR (KSC) je lider na srpskom tr\u017ei\u0161tu prevodila\u010dkih usluga i organizacije kongresa i seminara.","og_url":"https:\/\/www.kscnet.rs\/en\/aktuelno\/","og_site_name":"KSC - Kongresni Servisni Centar","article_publisher":"https:\/\/www.facebook.com\/profile.php?id=100094343033207","article_modified_time":"2023-08-02T11:13:11+00:00","og_image":[{"width":1600,"height":1200,"url":"https:\/\/www.kscnet.rs\/wp-content\/uploads\/2023\/07\/29.9-01.10.2020-EU-Project-Justice-Hotel-Radika-Mavrovo___.jpg","type":"image\/jpeg"}],"twitter_card":"summary_large_image","twitter_misc":{"Est. reading time":"1 minute"},"schema":{"@context":"https:\/\/schema.org","@graph":[{"@type":"WebPage","@id":"https:\/\/www.kscnet.rs\/aktuelno\/","url":"https:\/\/www.kscnet.rs\/aktuelno\/","name":"Aktuelno | KSC - Kongresni Servisni Centar","isPartOf":{"@id":"https:\/\/www.kscnet.rs\/#website"},"primaryImageOfPage":{"@id":"https:\/\/www.kscnet.rs\/aktuelno\/#primaryimage"},"image":{"@id":"https:\/\/www.kscnet.rs\/aktuelno\/#primaryimage"},"thumbnailUrl":"https:\/\/www.kscnet.rs\/wp-content\/uploads\/2023\/07\/29.9-01.10.2020-EU-Project-Justice-Hotel-Radika-Mavrovo___.jpg","datePublished":"2023-08-02T11:01:25+00:00","dateModified":"2023-08-02T11:13:11+00:00","description":"KONGRESNI SERVISNI CENTAR (KSC) je lider na srpskom tr\u017ei\u0161tu prevodila\u010dkih usluga i organizacije kongresa i seminara.","breadcrumb":{"@id":"https:\/\/www.kscnet.rs\/aktuelno\/#breadcrumb"},"inLanguage":"en-US","potentialAction":[{"@type":"ReadAction","target":["https:\/\/www.kscnet.rs\/aktuelno\/"]}]},{"@type":"ImageObject","inLanguage":"en-US","@id":"https:\/\/www.kscnet.rs\/aktuelno\/#primaryimage","url":"https:\/\/www.kscnet.rs\/wp-content\/uploads\/2023\/07\/29.9-01.10.2020-EU-Project-Justice-Hotel-Radika-Mavrovo___.jpg","contentUrl":"https:\/\/www.kscnet.rs\/wp-content\/uploads\/2023\/07\/29.9-01.10.2020-EU-Project-Justice-Hotel-Radika-Mavrovo___.jpg","width":1600,"height":1200},{"@type":"BreadcrumbList","@id":"https:\/\/www.kscnet.rs\/aktuelno\/#breadcrumb","itemListElement":[{"@type":"ListItem","position":1,"name":"Home","item":"https:\/\/www.kscnet.rs\/"},{"@type":"ListItem","position":2,"name":"Aktuelno"}]},{"@type":"WebSite","@id":"https:\/\/www.kscnet.rs\/#website","url":"https:\/\/www.kscnet.rs\/","name":"KSC - Kongresni Servisni Centar","description":"Organizacija eventa, iznajmljivanje opreme, prevodila\u010dke usluge i kursevi","publisher":{"@id":"https:\/\/www.kscnet.rs\/#organization"},"potentialAction":[{"@type":"SearchAction","target":{"@type":"EntryPoint","urlTemplate":"https:\/\/www.kscnet.rs\/?s={search_term_string}"},"query-input":{"@type":"PropertyValueSpecification","valueRequired":true,"valueName":"search_term_string"}}],"inLanguage":"en-US"},{"@type":"Organization","@id":"https:\/\/www.kscnet.rs\/#organization","name":"KSC - Kongresni Servisni Centar","url":"https:\/\/www.kscnet.rs\/","logo":{"@type":"ImageObject","inLanguage":"en-US","@id":"https:\/\/www.kscnet.rs\/#\/schema\/logo\/image\/","url":"https:\/\/www.kscnet.rs\/wp-content\/uploads\/2023\/07\/KSCLogo.png","contentUrl":"https:\/\/www.kscnet.rs\/wp-content\/uploads\/2023\/07\/KSCLogo.png","width":539,"height":539,"caption":"KSC - Kongresni Servisni Centar"},"image":{"@id":"https:\/\/www.kscnet.rs\/#\/schema\/logo\/image\/"},"sameAs":["https:\/\/www.facebook.com\/profile.php?id=100094343033207"]}]}},"_links":{"self":[{"href":"https:\/\/www.kscnet.rs\/en\/wp-json\/wp\/v2\/pages\/691","targetHints":{"allow":["GET"]}}],"collection":[{"href":"https:\/\/www.kscnet.rs\/en\/wp-json\/wp\/v2\/pages"}],"about":[{"href":"https:\/\/www.kscnet.rs\/en\/wp-json\/wp\/v2\/types\/page"}],"author":[{"embeddable":true,"href":"https:\/\/www.kscnet.rs\/en\/wp-json\/wp\/v2\/users\/1"}],"replies":[{"embeddable":true,"href":"https:\/\/www.kscnet.rs\/en\/wp-json\/wp\/v2\/comments?post=691"}],"version-history":[{"count":13,"href":"https:\/\/www.kscnet.rs\/en\/wp-json\/wp\/v2\/pages\/691\/revisions"}],"predecessor-version":[{"id":711,"href":"https:\/\/www.kscnet.rs\/en\/wp-json\/wp\/v2\/pages\/691\/revisions\/711"}],"wp:featuredmedia":[{"embeddable":true,"href":"https:\/\/www.kscnet.rs\/en\/wp-json\/wp\/v2\/media\/548"}],"wp:attachment":[{"href":"https:\/\/www.kscnet.rs\/en\/wp-json\/wp\/v2\/media?parent=691"}],"curies":[{"name":"wp","href":"https:\/\/api.w.org\/{rel}","templated":true}]}}