{"id":745,"date":"2024-01-12T17:48:58","date_gmt":"2024-01-12T17:48:58","guid":{"rendered":"https:\/\/www.kscnet.rs\/?page_id=745"},"modified":"2024-01-12T17:55:51","modified_gmt":"2024-01-12T17:55:51","slug":"ko-smo-mi-kongresni-servisni-centar","status":"publish","type":"page","link":"https:\/\/www.kscnet.rs\/en\/ko-smo-mi-kongresni-servisni-centar\/","title":{"rendered":"Ko smo mi &#8211; kongresni servisni centar"},"content":{"rendered":"<div data-elementor-type=\"wp-page\" data-elementor-id=\"745\" class=\"elementor elementor-745\">\n\t\t\t\t\t\t<section class=\"elementor-section elementor-top-section elementor-element elementor-element-98c292f elementor-section-full_width elementor-section-height-default elementor-section-height-default\" data-id=\"98c292f\" data-element_type=\"section\" data-settings=\"{&quot;background_background&quot;:&quot;classic&quot;}\">\n\t\t\t\t\t\t\t<div class=\"elementor-background-overlay\"><\/div>\n\t\t\t\t\t\t\t<div class=\"elementor-container elementor-column-gap-default\">\n\t\t\t\t\t<div class=\"elementor-column elementor-col-100 elementor-top-column elementor-element elementor-element-40206e5\" data-id=\"40206e5\" data-element_type=\"column\">\n\t\t\t<div class=\"elementor-widget-wrap elementor-element-populated\">\n\t\t\t\t\t\t<section class=\"elementor-section elementor-inner-section elementor-element elementor-element-2203adf elementor-section-boxed elementor-section-height-default elementor-section-height-default\" data-id=\"2203adf\" data-element_type=\"section\">\n\t\t\t\t\t\t<div class=\"elementor-container elementor-column-gap-default\">\n\t\t\t\t\t<div class=\"elementor-column elementor-col-50 elementor-inner-column elementor-element elementor-element-06078cc\" data-id=\"06078cc\" data-element_type=\"column\">\n\t\t\t<div class=\"elementor-widget-wrap elementor-element-populated\">\n\t\t\t\t\t\t<div class=\"elementor-element elementor-element-169b0e6 elementor-widget elementor-widget-elementskit-heading\" data-id=\"169b0e6\" data-element_type=\"widget\" data-settings=\"{&quot;_animation&quot;:&quot;none&quot;}\" data-widget_type=\"elementskit-heading.default\">\n\t\t\t\t<div class=\"elementor-widget-container\">\n\t\t\t\t\t<div class=\"ekit-wid-con\" ><div class=\"ekit-heading elementskit-section-title-wraper text_left   ekit_heading_tablet-   ekit_heading_mobile-\"><h2 class=\"ekit-heading--title elementskit-section-title\">Who We Are<\/h2><h3 class=\"ekit-heading--subtitle elementskit-section-subtitle\">\n\t\t\t\t\t\t\u0161irok spektar izuzetno profesionalnih usluga\n\t\t\t\t\t<\/h3><\/div><\/div>\t\t\t\t<\/div>\n\t\t\t\t<\/div>\n\t\t\t\t\t<\/div>\n\t\t<\/div>\n\t\t\t\t<div class=\"elementor-column elementor-col-50 elementor-inner-column elementor-element elementor-element-c73a51a\" data-id=\"c73a51a\" data-element_type=\"column\">\n\t\t\t<div class=\"elementor-widget-wrap\">\n\t\t\t\t\t\t\t<\/div>\n\t\t<\/div>\n\t\t\t\t\t<\/div>\n\t\t<\/section>\n\t\t\t\t\t<\/div>\n\t\t<\/div>\n\t\t\t\t\t<\/div>\n\t\t<\/section>\n\t\t\t\t<section class=\"elementor-section elementor-top-section elementor-element elementor-element-3c9b630 elementor-section-boxed elementor-section-height-default elementor-section-height-default\" data-id=\"3c9b630\" data-element_type=\"section\">\n\t\t\t\t\t\t<div class=\"elementor-container elementor-column-gap-default\">\n\t\t\t\t\t<div class=\"elementor-column elementor-col-100 elementor-top-column elementor-element elementor-element-00ed4bc\" data-id=\"00ed4bc\" data-element_type=\"column\">\n\t\t\t<div class=\"elementor-widget-wrap elementor-element-populated\">\n\t\t\t\t\t\t<section class=\"elementor-section elementor-inner-section elementor-element elementor-element-9b40214 elementor-section-boxed elementor-section-height-default elementor-section-height-default\" data-id=\"9b40214\" data-element_type=\"section\">\n\t\t\t\t\t\t<div class=\"elementor-container elementor-column-gap-default\">\n\t\t\t\t\t<div class=\"elementor-column elementor-col-100 elementor-inner-column elementor-element elementor-element-69cc59e\" data-id=\"69cc59e\" data-element_type=\"column\">\n\t\t\t<div class=\"elementor-widget-wrap elementor-element-populated\">\n\t\t\t\t\t\t<div class=\"elementor-element elementor-element-db291e5 elementor-widget elementor-widget-elementskit-heading\" data-id=\"db291e5\" data-element_type=\"widget\" data-settings=\"{&quot;_animation&quot;:&quot;none&quot;}\" data-widget_type=\"elementskit-heading.default\">\n\t\t\t\t<div class=\"elementor-widget-container\">\n\t\t\t\t\t<div class=\"ekit-wid-con\" ><div class=\"ekit-heading elementskit-section-title-wraper text_center   ekit_heading_tablet-   ekit_heading_mobile-\"><h2 class=\"ekit-heading--title elementskit-section-title\">KSC je osnovan 2001. godine<\/h2><h3 class=\"ekit-heading--subtitle elementskit-section-subtitle\">\n\t\t\t\t\t\tkao dru\u0161tvo sa ograni\u010denom odgovorno\u0161\u0107u, sa misijom pru\u017eanja \u0161irokog spektra izuzetno profesionalnih usluga, uz najvi\u0161i nivo kvaliteta na tr\u017ei\u0161tu.\n\t\t\t\t\t<\/h3><\/div><\/div>\t\t\t\t<\/div>\n\t\t\t\t<\/div>\n\t\t\t\t<div class=\"elementor-element elementor-element-cb45e0f elementor-widget elementor-widget-text-editor\" data-id=\"cb45e0f\" data-element_type=\"widget\" data-widget_type=\"text-editor.default\">\n\t\t\t\t<div class=\"elementor-widget-container\">\n\t\t\t\t\t\t\t\t\t<p>Kongresni servisni centar (KSC), Kongresni servisni centar Srbija (KSC), je privredno dru\u0161tvo<br \/>specijalizovano za vrhunske, individualno prilago\u0111ene:<\/p>\t\t\t\t\t\t\t\t<\/div>\n\t\t\t\t<\/div>\n\t\t\t\t\t<\/div>\n\t\t<\/div>\n\t\t\t\t\t<\/div>\n\t\t<\/section>\n\t\t\t\t<section class=\"elementor-section elementor-inner-section elementor-element elementor-element-0bb8823 elementor-section-boxed elementor-section-height-default elementor-section-height-default\" data-id=\"0bb8823\" data-element_type=\"section\">\n\t\t\t\t\t\t<div class=\"elementor-container elementor-column-gap-default\">\n\t\t\t\t\t<div class=\"elementor-column elementor-col-33 elementor-inner-column elementor-element elementor-element-e6cb364\" data-id=\"e6cb364\" data-element_type=\"column\">\n\t\t\t<div class=\"elementor-widget-wrap elementor-element-populated\">\n\t\t\t\t\t\t<div class=\"elementor-element elementor-element-b5691ab elementor-widget elementor-widget-text-editor\" data-id=\"b5691ab\" data-element_type=\"widget\" data-widget_type=\"text-editor.default\">\n\t\t\t\t<div class=\"elementor-widget-container\">\n\t\t\t\t\t\t\t\t\t<ul><li>Event organisation;<\/li><li>Audio\/video event equipment rental;<\/li><\/ul>\t\t\t\t\t\t\t\t<\/div>\n\t\t\t\t<\/div>\n\t\t\t\t\t<\/div>\n\t\t<\/div>\n\t\t\t\t<div class=\"elementor-column elementor-col-33 elementor-inner-column elementor-element elementor-element-27264ae\" data-id=\"27264ae\" data-element_type=\"column\">\n\t\t\t<div class=\"elementor-widget-wrap elementor-element-populated\">\n\t\t\t\t\t\t<div class=\"elementor-element elementor-element-b936da5 elementor-widget elementor-widget-text-editor\" data-id=\"b936da5\" data-element_type=\"widget\" data-widget_type=\"text-editor.default\">\n\t\t\t\t<div class=\"elementor-widget-container\">\n\t\t\t\t\t\t\t\t\t<ul><li>Interpretation<\/li><li>Written translation;<\/li><\/ul>\t\t\t\t\t\t\t\t<\/div>\n\t\t\t\t<\/div>\n\t\t\t\t\t<\/div>\n\t\t<\/div>\n\t\t\t\t<div class=\"elementor-column elementor-col-33 elementor-inner-column elementor-element elementor-element-a8fe2e6\" data-id=\"a8fe2e6\" data-element_type=\"column\">\n\t\t\t<div class=\"elementor-widget-wrap elementor-element-populated\">\n\t\t\t\t\t\t<div class=\"elementor-element elementor-element-4a97f6b elementor-widget elementor-widget-text-editor\" data-id=\"4a97f6b\" data-element_type=\"widget\" data-widget_type=\"text-editor.default\">\n\t\t\t\t<div class=\"elementor-widget-container\">\n\t\t\t\t\t\t\t\t\t<ul><li>Interpretation and written translation courses and competence courses.<\/li><\/ul>\t\t\t\t\t\t\t\t<\/div>\n\t\t\t\t<\/div>\n\t\t\t\t\t<\/div>\n\t\t<\/div>\n\t\t\t\t\t<\/div>\n\t\t<\/section>\n\t\t\t\t<div class=\"elementor-element elementor-element-fa48a63 elementor-widget elementor-widget-text-editor\" data-id=\"fa48a63\" data-element_type=\"widget\" data-widget_type=\"text-editor.default\">\n\t\t\t\t<div class=\"elementor-widget-container\">\n\t\t\t\t\t\t\t\t\t<p>sa krajnjim ciljem prevazila\u017eenja potreba i o\u010dekivanja klijenata.<\/p>\t\t\t\t\t\t\t\t<\/div>\n\t\t\t\t<\/div>\n\t\t\t\t<div class=\"elementor-element elementor-element-d046b4e elementor-widget elementor-widget-text-editor\" data-id=\"d046b4e\" data-element_type=\"widget\" data-widget_type=\"text-editor.default\">\n\t\t\t\t<div class=\"elementor-widget-container\">\n\t\t\t\t\t\t\t\t\t<p>Kongresni servisni centar ima kancelarije u Beogradu (Srbija), Skoplju (Severna Makedonija), Sarajevu<br \/>(Bosna i Hercegovina), Tirani (Albanija) i u Sofiji (Bugarska).<\/p><p>Sa vi\u0161e od 20 godina iskustva u pru\u017eanju profesionalnih usluga pismenog i usmenog prevo\u0111enja i organizovanja konferencija, KSC postao je sinonim za izuzetnost u pru\u017eanju usluga, visokokvalitetne prevode, profesionalizam, poverenje i izuzetnu vrednost.<\/p><p>U prethodnih 20 godina, KSC je organizovao preko 10.000 konferencija sa punom logistikom, uz obezbe\u0111ivanje opreme za usmeno prevo\u0111enje na \u010dak 5.000 doga\u0111aja.<\/p><p>Preveli smo vi\u0161e od 1.000.000 strana i uspe\u0161no smo realizovali vi\u0161e od 500 putnih misija.<\/p><p>Tokom Godina, KSC je pro\u0161irio pozitivno iskustvo na pru\u017eanje konsultantskih usluga u vezi sa upravljanjem projektima.<br \/>Posedujemo stru\u010dno znanje za nabavku, formulisanje i implementaciju projekata saradnje koje finansiraju me\u0111unarodni donatori i projekata razvojne pomo\u0107i. Imamo dobro uspostavljenu mre\u017eu od preko 15.000 eksperata za konsultacije u vezi sa upravljanjem projektima.<\/p>\t\t\t\t\t\t\t\t<\/div>\n\t\t\t\t<\/div>\n\t\t\t\t\t<\/div>\n\t\t<\/div>\n\t\t\t\t\t<\/div>\n\t\t<\/section>\n\t\t\t\t<\/div>","protected":false},"excerpt":{"rendered":"<p>Ko smo mi \u0161irok spektar izuzetno profesionalnih usluga KSC je osnovan 2001. godine kao dru\u0161tvo sa ograni\u010denom odgovorno\u0161\u0107u, sa misijom pru\u017eanja \u0161irokog spektra izuzetno profesionalnih usluga, uz najvi\u0161i nivo kvaliteta na tr\u017ei\u0161tu. Kongresni servisni centar (KSC), Kongresni servisni centar Srbija (KSC), je privredno dru\u0161tvospecijalizovano za vrhunske, individualno prilago\u0111ene: Usluge organizovanja doga\u0111aja Usluge iznajmljivanja audio\/video opreme [&hellip;]<\/p>","protected":false},"author":1,"featured_media":331,"parent":0,"menu_order":0,"comment_status":"closed","ping_status":"closed","template":"","meta":{"footnotes":""},"class_list":["post-745","page","type-page","status-publish","has-post-thumbnail","hentry"],"yoast_head":"<!-- This site is optimized with the Yoast SEO plugin v25.8 - https:\/\/yoast.com\/wordpress\/plugins\/seo\/ -->\n<title>Ko smo mi - kongresni servisni centar | KSC - Kongresni Servisni Centar<\/title>\n<meta name=\"description\" content=\"KONGRESNI SERVISNI CENTAR (KSC) je lider na srpskom tr\u017ei\u0161tu prevodila\u010dkih usluga i organizacije kongresa i seminara.\" \/>\n<meta name=\"robots\" content=\"index, follow, max-snippet:-1, max-image-preview:large, max-video-preview:-1\" \/>\n<link rel=\"canonical\" href=\"https:\/\/www.kscnet.rs\/en\/ko-smo-mi-kongresni-servisni-centar\/\" \/>\n<meta property=\"og:locale\" content=\"en_US\" \/>\n<meta property=\"og:type\" content=\"article\" \/>\n<meta property=\"og:title\" content=\"Ko smo mi - kongresni servisni centar | KSC - Kongresni Servisni Centar\" \/>\n<meta property=\"og:description\" content=\"KONGRESNI SERVISNI CENTAR (KSC) je lider na srpskom tr\u017ei\u0161tu prevodila\u010dkih usluga i organizacije kongresa i seminara.\" \/>\n<meta property=\"og:url\" content=\"https:\/\/www.kscnet.rs\/en\/ko-smo-mi-kongresni-servisni-centar\/\" \/>\n<meta property=\"og:site_name\" content=\"KSC - Kongresni Servisni Centar\" \/>\n<meta property=\"article:publisher\" content=\"https:\/\/www.facebook.com\/profile.php?id=100094343033207\" \/>\n<meta property=\"article:modified_time\" content=\"2024-01-12T17:55:51+00:00\" \/>\n<meta property=\"og:image\" content=\"https:\/\/www.kscnet.rs\/wp-content\/uploads\/2023\/07\/26th-of-June-Justice-Hotel-Marriott-Skopje.jpg\" \/>\n\t<meta property=\"og:image:width\" content=\"1600\" \/>\n\t<meta property=\"og:image:height\" content=\"1200\" \/>\n\t<meta property=\"og:image:type\" content=\"image\/jpeg\" \/>\n<meta name=\"twitter:card\" content=\"summary_large_image\" \/>\n<meta name=\"twitter:label1\" content=\"Est. reading time\" \/>\n\t<meta name=\"twitter:data1\" content=\"1 minute\" \/>\n<script type=\"application\/ld+json\" class=\"yoast-schema-graph\">{\"@context\":\"https:\/\/schema.org\",\"@graph\":[{\"@type\":\"WebPage\",\"@id\":\"https:\/\/www.kscnet.rs\/ko-smo-mi-kongresni-servisni-centar\/\",\"url\":\"https:\/\/www.kscnet.rs\/ko-smo-mi-kongresni-servisni-centar\/\",\"name\":\"Ko smo mi - kongresni servisni centar | KSC - Kongresni Servisni Centar\",\"isPartOf\":{\"@id\":\"https:\/\/www.kscnet.rs\/#website\"},\"primaryImageOfPage\":{\"@id\":\"https:\/\/www.kscnet.rs\/ko-smo-mi-kongresni-servisni-centar\/#primaryimage\"},\"image\":{\"@id\":\"https:\/\/www.kscnet.rs\/ko-smo-mi-kongresni-servisni-centar\/#primaryimage\"},\"thumbnailUrl\":\"https:\/\/www.kscnet.rs\/wp-content\/uploads\/2023\/07\/26th-of-June-Justice-Hotel-Marriott-Skopje.jpg\",\"datePublished\":\"2024-01-12T17:48:58+00:00\",\"dateModified\":\"2024-01-12T17:55:51+00:00\",\"description\":\"KONGRESNI SERVISNI CENTAR (KSC) je lider na srpskom tr\u017ei\u0161tu prevodila\u010dkih usluga i organizacije kongresa i seminara.\",\"breadcrumb\":{\"@id\":\"https:\/\/www.kscnet.rs\/ko-smo-mi-kongresni-servisni-centar\/#breadcrumb\"},\"inLanguage\":\"en-US\",\"potentialAction\":[{\"@type\":\"ReadAction\",\"target\":[\"https:\/\/www.kscnet.rs\/ko-smo-mi-kongresni-servisni-centar\/\"]}]},{\"@type\":\"ImageObject\",\"inLanguage\":\"en-US\",\"@id\":\"https:\/\/www.kscnet.rs\/ko-smo-mi-kongresni-servisni-centar\/#primaryimage\",\"url\":\"https:\/\/www.kscnet.rs\/wp-content\/uploads\/2023\/07\/26th-of-June-Justice-Hotel-Marriott-Skopje.jpg\",\"contentUrl\":\"https:\/\/www.kscnet.rs\/wp-content\/uploads\/2023\/07\/26th-of-June-Justice-Hotel-Marriott-Skopje.jpg\",\"width\":1600,\"height\":1200},{\"@type\":\"BreadcrumbList\",\"@id\":\"https:\/\/www.kscnet.rs\/ko-smo-mi-kongresni-servisni-centar\/#breadcrumb\",\"itemListElement\":[{\"@type\":\"ListItem\",\"position\":1,\"name\":\"Home\",\"item\":\"https:\/\/www.kscnet.rs\/\"},{\"@type\":\"ListItem\",\"position\":2,\"name\":\"Ko smo mi &#8211; kongresni servisni centar\"}]},{\"@type\":\"WebSite\",\"@id\":\"https:\/\/www.kscnet.rs\/#website\",\"url\":\"https:\/\/www.kscnet.rs\/\",\"name\":\"KSC - Kongresni Servisni Centar\",\"description\":\"Organizacija eventa, iznajmljivanje opreme, prevodila\u010dke usluge i kursevi\",\"publisher\":{\"@id\":\"https:\/\/www.kscnet.rs\/#organization\"},\"potentialAction\":[{\"@type\":\"SearchAction\",\"target\":{\"@type\":\"EntryPoint\",\"urlTemplate\":\"https:\/\/www.kscnet.rs\/?s={search_term_string}\"},\"query-input\":{\"@type\":\"PropertyValueSpecification\",\"valueRequired\":true,\"valueName\":\"search_term_string\"}}],\"inLanguage\":\"en-US\"},{\"@type\":\"Organization\",\"@id\":\"https:\/\/www.kscnet.rs\/#organization\",\"name\":\"KSC - Kongresni Servisni Centar\",\"url\":\"https:\/\/www.kscnet.rs\/\",\"logo\":{\"@type\":\"ImageObject\",\"inLanguage\":\"en-US\",\"@id\":\"https:\/\/www.kscnet.rs\/#\/schema\/logo\/image\/\",\"url\":\"https:\/\/www.kscnet.rs\/wp-content\/uploads\/2023\/07\/KSCLogo.png\",\"contentUrl\":\"https:\/\/www.kscnet.rs\/wp-content\/uploads\/2023\/07\/KSCLogo.png\",\"width\":539,\"height\":539,\"caption\":\"KSC - Kongresni Servisni Centar\"},\"image\":{\"@id\":\"https:\/\/www.kscnet.rs\/#\/schema\/logo\/image\/\"},\"sameAs\":[\"https:\/\/www.facebook.com\/profile.php?id=100094343033207\"]}]}<\/script>\n<!-- \/ Yoast SEO plugin. -->","yoast_head_json":{"title":"Ko smo mi - kongresni servisni centar | KSC - Kongresni Servisni Centar","description":"KONGRESNI SERVISNI CENTAR (KSC) je lider na srpskom tr\u017ei\u0161tu prevodila\u010dkih usluga i organizacije kongresa i seminara.","robots":{"index":"index","follow":"follow","max-snippet":"max-snippet:-1","max-image-preview":"max-image-preview:large","max-video-preview":"max-video-preview:-1"},"canonical":"https:\/\/www.kscnet.rs\/en\/ko-smo-mi-kongresni-servisni-centar\/","og_locale":"en_US","og_type":"article","og_title":"Ko smo mi - kongresni servisni centar | KSC - Kongresni Servisni Centar","og_description":"KONGRESNI SERVISNI CENTAR (KSC) je lider na srpskom tr\u017ei\u0161tu prevodila\u010dkih usluga i organizacije kongresa i seminara.","og_url":"https:\/\/www.kscnet.rs\/en\/ko-smo-mi-kongresni-servisni-centar\/","og_site_name":"KSC - Kongresni Servisni Centar","article_publisher":"https:\/\/www.facebook.com\/profile.php?id=100094343033207","article_modified_time":"2024-01-12T17:55:51+00:00","og_image":[{"width":1600,"height":1200,"url":"https:\/\/www.kscnet.rs\/wp-content\/uploads\/2023\/07\/26th-of-June-Justice-Hotel-Marriott-Skopje.jpg","type":"image\/jpeg"}],"twitter_card":"summary_large_image","twitter_misc":{"Est. reading time":"1 minute"},"schema":{"@context":"https:\/\/schema.org","@graph":[{"@type":"WebPage","@id":"https:\/\/www.kscnet.rs\/ko-smo-mi-kongresni-servisni-centar\/","url":"https:\/\/www.kscnet.rs\/ko-smo-mi-kongresni-servisni-centar\/","name":"Ko smo mi - kongresni servisni centar | KSC - Kongresni Servisni Centar","isPartOf":{"@id":"https:\/\/www.kscnet.rs\/#website"},"primaryImageOfPage":{"@id":"https:\/\/www.kscnet.rs\/ko-smo-mi-kongresni-servisni-centar\/#primaryimage"},"image":{"@id":"https:\/\/www.kscnet.rs\/ko-smo-mi-kongresni-servisni-centar\/#primaryimage"},"thumbnailUrl":"https:\/\/www.kscnet.rs\/wp-content\/uploads\/2023\/07\/26th-of-June-Justice-Hotel-Marriott-Skopje.jpg","datePublished":"2024-01-12T17:48:58+00:00","dateModified":"2024-01-12T17:55:51+00:00","description":"KONGRESNI SERVISNI CENTAR (KSC) je lider na srpskom tr\u017ei\u0161tu prevodila\u010dkih usluga i organizacije kongresa i seminara.","breadcrumb":{"@id":"https:\/\/www.kscnet.rs\/ko-smo-mi-kongresni-servisni-centar\/#breadcrumb"},"inLanguage":"en-US","potentialAction":[{"@type":"ReadAction","target":["https:\/\/www.kscnet.rs\/ko-smo-mi-kongresni-servisni-centar\/"]}]},{"@type":"ImageObject","inLanguage":"en-US","@id":"https:\/\/www.kscnet.rs\/ko-smo-mi-kongresni-servisni-centar\/#primaryimage","url":"https:\/\/www.kscnet.rs\/wp-content\/uploads\/2023\/07\/26th-of-June-Justice-Hotel-Marriott-Skopje.jpg","contentUrl":"https:\/\/www.kscnet.rs\/wp-content\/uploads\/2023\/07\/26th-of-June-Justice-Hotel-Marriott-Skopje.jpg","width":1600,"height":1200},{"@type":"BreadcrumbList","@id":"https:\/\/www.kscnet.rs\/ko-smo-mi-kongresni-servisni-centar\/#breadcrumb","itemListElement":[{"@type":"ListItem","position":1,"name":"Home","item":"https:\/\/www.kscnet.rs\/"},{"@type":"ListItem","position":2,"name":"Ko smo mi &#8211; kongresni servisni centar"}]},{"@type":"WebSite","@id":"https:\/\/www.kscnet.rs\/#website","url":"https:\/\/www.kscnet.rs\/","name":"KSC - Kongresni Servisni Centar","description":"Organizacija eventa, iznajmljivanje opreme, prevodila\u010dke usluge i kursevi","publisher":{"@id":"https:\/\/www.kscnet.rs\/#organization"},"potentialAction":[{"@type":"SearchAction","target":{"@type":"EntryPoint","urlTemplate":"https:\/\/www.kscnet.rs\/?s={search_term_string}"},"query-input":{"@type":"PropertyValueSpecification","valueRequired":true,"valueName":"search_term_string"}}],"inLanguage":"en-US"},{"@type":"Organization","@id":"https:\/\/www.kscnet.rs\/#organization","name":"KSC - Kongresni Servisni Centar","url":"https:\/\/www.kscnet.rs\/","logo":{"@type":"ImageObject","inLanguage":"en-US","@id":"https:\/\/www.kscnet.rs\/#\/schema\/logo\/image\/","url":"https:\/\/www.kscnet.rs\/wp-content\/uploads\/2023\/07\/KSCLogo.png","contentUrl":"https:\/\/www.kscnet.rs\/wp-content\/uploads\/2023\/07\/KSCLogo.png","width":539,"height":539,"caption":"KSC - Kongresni Servisni Centar"},"image":{"@id":"https:\/\/www.kscnet.rs\/#\/schema\/logo\/image\/"},"sameAs":["https:\/\/www.facebook.com\/profile.php?id=100094343033207"]}]}},"_links":{"self":[{"href":"https:\/\/www.kscnet.rs\/en\/wp-json\/wp\/v2\/pages\/745","targetHints":{"allow":["GET"]}}],"collection":[{"href":"https:\/\/www.kscnet.rs\/en\/wp-json\/wp\/v2\/pages"}],"about":[{"href":"https:\/\/www.kscnet.rs\/en\/wp-json\/wp\/v2\/types\/page"}],"author":[{"embeddable":true,"href":"https:\/\/www.kscnet.rs\/en\/wp-json\/wp\/v2\/users\/1"}],"replies":[{"embeddable":true,"href":"https:\/\/www.kscnet.rs\/en\/wp-json\/wp\/v2\/comments?post=745"}],"version-history":[{"count":4,"href":"https:\/\/www.kscnet.rs\/en\/wp-json\/wp\/v2\/pages\/745\/revisions"}],"predecessor-version":[{"id":753,"href":"https:\/\/www.kscnet.rs\/en\/wp-json\/wp\/v2\/pages\/745\/revisions\/753"}],"wp:featuredmedia":[{"embeddable":true,"href":"https:\/\/www.kscnet.rs\/en\/wp-json\/wp\/v2\/media\/331"}],"wp:attachment":[{"href":"https:\/\/www.kscnet.rs\/en\/wp-json\/wp\/v2\/media?parent=745"}],"curies":[{"name":"wp","href":"https:\/\/api.w.org\/{rel}","templated":true}]}}